{"id":19,"date":"2025-10-10T10:58:24","date_gmt":"2025-10-10T08:58:24","guid":{"rendered":"https:\/\/kss.amuz.krakow.pl\/?page_id=19"},"modified":"2026-03-03T14:11:35","modified_gmt":"2026-03-03T13:11:35","slug":"o-projekcie","status":"publish","type":"page","link":"https:\/\/kss.amuz.krakow.pl\/?page_id=19","title":{"rendered":"O projekcie"},"content":{"rendered":"\n<p>Projekt&nbsp;<strong>\u201eKrakowska Szko\u0142a Skrzypcowa \u2013 geneza, idiom, perspektywy rozwoju\u201d<\/strong>&nbsp;po\u015bwi\u0119cony jest jednemu z najwa\u017cniejszych i najd\u0142u\u017cej trwaj\u0105cych zjawisk w polskiej kulturze muzycznej. Podejmuje on pr\u00f3b\u0119 odpowiedzi na pytanie, czy wykonawstwo skrzypcowe i pedagogika \u2014 mimo swojej ulotno\u015bci i indywidualnego charakteru \u2014 podlegaj\u0105 okre\u015blonym zasadom i tworz\u0105 rozpoznawaln\u0105 tradycj\u0119.<\/p>\n\n\n\n<p>Krakowska Szko\u0142a Skrzypcowa kszta\u0142tuje si\u0119 nieprzerwanie od&nbsp;<strong>1888 roku<\/strong>, od momentu powstania klasy skrzypiec w krakowskim Konserwatorium Muzycznym. Przez blisko 140 lat kolejne pokolenia wybitnych artyst\u00f3w i pedagog\u00f3w \u2014 m.in.&nbsp;<strong>Eugenia Umi\u0144ska, Zenon Feli\u0144ski, Zbigniew Szlezer<\/strong>, a wsp\u00f3\u0142cze\u015bnie&nbsp;<strong>Kaja Danczowska<\/strong>&nbsp;i&nbsp;<strong>Antoni Cofalik<\/strong>&nbsp;\u2014 tworzy\u0142y charakterystyczny spos\u00f3b my\u015blenia o brzmieniu, technice i interpretacji, zakorzeniony w najwa\u017cniejszych europejskich tradycjach skrzypcowych.<\/p>\n\n\n\n<p>Celem projektu jest pierwsze ca\u0142o\u015bciowe opracowanie tego zjawiska poprzez analiz\u0119 archiw\u00f3w, niepublikowanych nagra\u0144, r\u0119kopis\u00f3w nutowych oraz wywiad\u00f3w z wybitnymi skrzypkami, pedagogami i przedstawicielami \u015brodowiska. Badania obejmuj\u0105 tak\u017ce wp\u0142ywy innych szk\u00f3\u0142 europejskich, zagadnienia estetyczne, techniczne oraz kontekst spo\u0142eczny i pedagogiczny funkcjonowania krakowskiej tradycji skrzypcowej.<\/p>\n\n\n\n<p>Jednym z kluczowych rezultat\u00f3w projektu b\u0119dzie&nbsp;<strong>og\u00f3lnodost\u0119pne internetowe archiwum<\/strong>, zawieraj\u0105ce unikatowe materia\u0142y audio i wideo, teksty oraz opracowania nutowe, a tak\u017ce nowe nagrania wybranych dzie\u0142 w wykonaniu czo\u0142owych przedstawicieli Krakowskiej Szko\u0142y Skrzypcowej.<\/p>\n\n\n\n<p>Projekt stanowi pr\u00f3b\u0119 ca\u0142o\u015bciowego spojrzenia na zjawisko, kt\u00f3re odegra\u0142o istotn\u0105 rol\u0119 w rozwoju polskiego wykonawstwa skrzypcowego i pozostaje wa\u017cnym punktem odniesienia dla wsp\u00f3\u0142czesnych muzyk\u00f3w i badaczy.<\/p>\n\n\n\n<p><\/p>\n","protected":false},"excerpt":{"rendered":"<p>Projekt&nbsp;\u201eKrakowska Szko\u0142a Skrzypcowa \u2013 geneza, idiom, perspektywy rozwoju\u201d&nbsp;po\u015bwi\u0119cony jest jednemu z najwa\u017cniejszych i najd\u0142u\u017cej trwaj\u0105cych zjawisk w polskiej kulturze muzycznej&#8230;.<\/p>\n","protected":false},"author":2,"featured_media":0,"parent":0,"menu_order":0,"comment_status":"closed","ping_status":"closed","template":"about-project.php","meta":{"footnotes":""},"class_list":["post-19","page","type-page","status-publish","hentry"],"_links":{"self":[{"href":"https:\/\/kss.amuz.krakow.pl\/index.php?rest_route=\/wp\/v2\/pages\/19","targetHints":{"allow":["GET"]}}],"collection":[{"href":"https:\/\/kss.amuz.krakow.pl\/index.php?rest_route=\/wp\/v2\/pages"}],"about":[{"href":"https:\/\/kss.amuz.krakow.pl\/index.php?rest_route=\/wp\/v2\/types\/page"}],"author":[{"embeddable":true,"href":"https:\/\/kss.amuz.krakow.pl\/index.php?rest_route=\/wp\/v2\/users\/2"}],"replies":[{"embeddable":true,"href":"https:\/\/kss.amuz.krakow.pl\/index.php?rest_route=%2Fwp%2Fv2%2Fcomments&post=19"}],"version-history":[{"count":3,"href":"https:\/\/kss.amuz.krakow.pl\/index.php?rest_route=\/wp\/v2\/pages\/19\/revisions"}],"predecessor-version":[{"id":151,"href":"https:\/\/kss.amuz.krakow.pl\/index.php?rest_route=\/wp\/v2\/pages\/19\/revisions\/151"}],"wp:attachment":[{"href":"https:\/\/kss.amuz.krakow.pl\/index.php?rest_route=%2Fwp%2Fv2%2Fmedia&parent=19"}],"curies":[{"name":"wp","href":"https:\/\/api.w.org\/{rel}","templated":true}]}}